{"id":18,"date":"2017-04-24T18:17:17","date_gmt":"2017-04-24T18:17:17","guid":{"rendered":"http:\/\/sv-rw-alhausen.de\/?page_id=18"},"modified":"2023-05-10T10:35:55","modified_gmt":"2023-05-10T10:35:55","slug":"geschichte","status":"publish","type":"page","link":"https:\/\/sv-rw-alhausen.de\/?page_id=18","title":{"rendered":"Geschichte"},"content":{"rendered":"<p>Bereits 1946 werden die ersten Wurzeln des Vereins in Chroniken aufgezeichnet. Die Erfolgszeit des Rot\/Wei\u00df Alhausen beginnt allerdings in den Siebzigern Jahren. 1971 wird der Spielbetrieb in der 3. Kreisklasse aufgenommen. 1975 wird die Mannschaft Meister in dieser Klasse und steigt in die 2. Kreisklasse auf.<\/p>\n<div id=\"attachment_213\" style=\"width: 219px\" class=\"wp-caption alignright\"><a href=\"http:\/\/sv-rw-alhausen.de\/wp-content\/uploads\/2017\/04\/Karl_Heinz_und_Franz_Steinbach_1946.jpg\" target=\"_blank\" rel=\"noopener noreferrer\"><img aria-describedby=\"caption-attachment-213\" loading=\"lazy\" class=\"wp-image-213\" src=\"http:\/\/sv-rw-alhausen.de\/wp-content\/uploads\/2017\/04\/Karl_Heinz_und_Franz_Steinbach_1946-150x150.jpg\" alt=\"\" width=\"209\" height=\"209\" srcset=\"https:\/\/sv-rw-alhausen.de\/wp-content\/uploads\/2017\/04\/Karl_Heinz_und_Franz_Steinbach_1946-150x150.jpg 150w, https:\/\/sv-rw-alhausen.de\/wp-content\/uploads\/2017\/04\/Karl_Heinz_und_Franz_Steinbach_1946-1x1.jpg 1w\" sizes=\"(max-width: 209px) 100vw, 209px\" \/><\/a><p id=\"caption-attachment-213\" class=\"wp-caption-text\">Karl Heinz und Franz Steinbach im Gr\u00fcndungsjahr 1946<\/p><\/div>\n<p>1986 folgt der Aufstieg in die Kreisliga B. Im selben Jahr beginnt der Verein mit der Errichtung der Beleuchtungsanlage am heutigen Sportplatz. 1994 fusioniert der SV Rot\/Wei\u00df Alhausen mit dem TuS P\u00f6mbsen &#8211; die Geburtsstunde der SG Alhausen\/P\u00f6mbsen. 1996 verpasste die Mannschaft nur knapp den ersehnten Aufstieg in die Kreisliga A. Nach 14 Spielen ohne Niederlage in Folge, stellten die Fusionierten die beste R\u00fcckrundenmannschaft der Saison. 1997 qualifizierte sich das Team unter Trainer Franz Pott f\u00fcr die eingleisige B-Liga. 2006 folgt der bis dato gr\u00f6\u00dfter Vereinserfolg. Unter Spielertrainer Miroslav Kierzk steigt die 1. Mannschaft in die Kreisliga A auf. Im Sommer 2007 konnte Sepp Kagerbauer als namhafter Trainer verpflichtet werden. Zum Ende des Jahres 2007 wurde die Mannschaft zur &#8222;Mannschaft des Jahres 2007&#8220; von der Neuen Westf\u00e4lischen ausgezeichnet.<\/p>\n<div id=\"attachment_212\" style=\"width: 265px\" class=\"wp-caption alignleft\"><a href=\"http:\/\/sv-rw-alhausen.de\/wp-content\/uploads\/2017\/04\/Aufstiegsmannschaft-1986-2006.jpg\" target=\"_blank\" rel=\"noopener noreferrer\"><img aria-describedby=\"caption-attachment-212\" loading=\"lazy\" class=\"wp-image-212\" src=\"http:\/\/sv-rw-alhausen.de\/wp-content\/uploads\/2017\/04\/Aufstiegsmannschaft-1986-2006-300x300.jpg\" alt=\"\" width=\"255\" height=\"255\" srcset=\"https:\/\/sv-rw-alhausen.de\/wp-content\/uploads\/2017\/04\/Aufstiegsmannschaft-1986-2006-300x300.jpg 300w, https:\/\/sv-rw-alhausen.de\/wp-content\/uploads\/2017\/04\/Aufstiegsmannschaft-1986-2006-150x150.jpg 150w, https:\/\/sv-rw-alhausen.de\/wp-content\/uploads\/2017\/04\/Aufstiegsmannschaft-1986-2006-768x768.jpg 768w, https:\/\/sv-rw-alhausen.de\/wp-content\/uploads\/2017\/04\/Aufstiegsmannschaft-1986-2006-1024x1024.jpg 1024w, https:\/\/sv-rw-alhausen.de\/wp-content\/uploads\/2017\/04\/Aufstiegsmannschaft-1986-2006-1x1.jpg 1w, https:\/\/sv-rw-alhausen.de\/wp-content\/uploads\/2017\/04\/Aufstiegsmannschaft-1986-2006.jpg 1600w\" sizes=\"(max-width: 255px) 100vw, 255px\" \/><\/a><p id=\"caption-attachment-212\" class=\"wp-caption-text\">Aufstiegsmannschaften 1986 und 2006<\/p><\/div>\n<p>Zum Ende der Saison 2008 belegte das Team einen sensationellen zweiten Tabellenrang in der Kreisliga A. Dabei hatte die Equipe den besten Angriff und die beste Verteidigung der abgelaufenen Kreisliga-Spielzeit und gewann zudem den prestigetr\u00e4chtigen &#8222;Offensiv Cup&#8220; der Neuen Westf\u00e4lischen. Im Mai 2009 wird das Team, unter dem scheidenden Trainer Sepp Kagerbauer, Meister in der Kreisliga A. Der Verein vollzieht einen &#8222;Neuanfang&#8220;, formiert sich zum 30.06.2009 aus einer SG zu einem SV und sorgt somit f\u00fcr ein Novum im Kreis H\u00f6xter. Zum ersten Mal in der Geschichte steigt ein Meister nicht auf, sondern in die B-Liga ab.<\/p>\n<p>2010 gelingt dem Team der sofortige Wiederaufstieg in die Kreisliga A und der erneute Gewinn des &#8222;Offensiv Cups&#8220; der Neuen Westf\u00e4lischen. Mit 120 geschossenen Toren stellte die Equipe, die beste Offensive im Kreis H\u00f6xter. Nach 2 Jahren in der obersten Kreisliga, musste das Team wieder den Gang in die Kreisliga B antreten.<\/p>\n<div id=\"attachment_214\" style=\"width: 260px\" class=\"wp-caption alignright\"><a href=\"http:\/\/sv-rw-alhausen.de\/wp-content\/uploads\/2017\/04\/Kreiliga-A-Meister-2009.jpg\" target=\"_blank\" rel=\"noopener noreferrer\"><img aria-describedby=\"caption-attachment-214\" loading=\"lazy\" class=\"wp-image-214\" src=\"http:\/\/sv-rw-alhausen.de\/wp-content\/uploads\/2017\/04\/Kreiliga-A-Meister-2009-300x201.jpg\" alt=\"\" width=\"250\" height=\"167\" srcset=\"https:\/\/sv-rw-alhausen.de\/wp-content\/uploads\/2017\/04\/Kreiliga-A-Meister-2009-300x201.jpg 300w, https:\/\/sv-rw-alhausen.de\/wp-content\/uploads\/2017\/04\/Kreiliga-A-Meister-2009-768x514.jpg 768w, https:\/\/sv-rw-alhausen.de\/wp-content\/uploads\/2017\/04\/Kreiliga-A-Meister-2009-1024x686.jpg 1024w, https:\/\/sv-rw-alhausen.de\/wp-content\/uploads\/2017\/04\/Kreiliga-A-Meister-2009-1x1.jpg 1w, https:\/\/sv-rw-alhausen.de\/wp-content\/uploads\/2017\/04\/Kreiliga-A-Meister-2009.jpg 1434w\" sizes=\"(max-width: 250px) 100vw, 250px\" \/><\/a><p id=\"caption-attachment-214\" class=\"wp-caption-text\">Kreiliga A Meister 2009<\/p><\/div>\n<p>Zur Saison 2014 wurde der Fussballkreis H\u00f6xter und Warburg zu einem zusammengefasst, so dass die Ligen neu formiert werden mussten und viele Mannschaften im Kreis sich f\u00fcr ihre Ligen qualifizieren mussten. In einem spannenden Entscheidungsspiel auf neutralem Platz (Oeynhausen), gegen den VFL Eversen konnte sich das Team f\u00fcr die neuformierte B-Liga qualifizieren. Zur neuen Saison 2014\/2015 ist der SV Blau Wei\u00df Reelsen mit in die Fusion hinzu gesto\u00dfen. So dass man seid dem als SV Alhausen\/P\u00f6mbsen\/Reelsen auf Torjagd ging.<\/p>\n<div id=\"attachment_373\" style=\"width: 310px\" class=\"wp-caption alignleft\"><img aria-describedby=\"caption-attachment-373\" loading=\"lazy\" class=\"wp-image-373 size-medium\" src=\"http:\/\/sv-rw-alhausen.de\/wp-content\/uploads\/2019\/06\/IMG-20190530-WA0028-e1683714626813-300x218.jpg\" alt=\"\" width=\"300\" height=\"218\" srcset=\"https:\/\/sv-rw-alhausen.de\/wp-content\/uploads\/2019\/06\/IMG-20190530-WA0028-e1683714626813-300x218.jpg 300w, https:\/\/sv-rw-alhausen.de\/wp-content\/uploads\/2019\/06\/IMG-20190530-WA0028-e1683714626813-768x557.jpg 768w, https:\/\/sv-rw-alhausen.de\/wp-content\/uploads\/2019\/06\/IMG-20190530-WA0028-e1683714626813-1024x743.jpg 1024w, https:\/\/sv-rw-alhausen.de\/wp-content\/uploads\/2019\/06\/IMG-20190530-WA0028-e1683714626813-1x1.jpg 1w, https:\/\/sv-rw-alhausen.de\/wp-content\/uploads\/2019\/06\/IMG-20190530-WA0028-e1683714626813.jpg 1400w\" sizes=\"(max-width: 300px) 100vw, 300px\" \/><p id=\"caption-attachment-373\" class=\"wp-caption-text\">FC Nieheim &#8211; Kreispokalsieger 2019<\/p><\/div>\n<p>Ende 2018 hatte sich der Kreisfussballausschuss mehrheitlich f\u00fcr den SV Rot-Wei\u00df Alhausen als Ausrichter der Kreispokalendpiele 2019 entschieden. Der RWA konnte sich als Ausrichter erfolgreich gegen zw\u00f6lf weitere Bewerber durchsetzen und durfte somit am 29.05.2019 bei bestem Fussballwetter den FC Nieheim und SV Dringenberg sowie ca. 650 Zuschauer in Alhausen begr\u00fc\u00dfen. Das spannende Spiel entschied letztendlich der FC Nieheim im Elfmeterschie\u00dfen 6 zu 5 (1:1) f\u00fcr sich und durfte den Krombacher-Kreispokal in den Alhauser Abendhimmel stemmen. Am Folgetag waren die Damen des SV Ottbergen-Bruchhausen und des SV Kollerbeck im Werberdorf zu Gast. Am Vatertagnachmittag fanden sich mehr als 200 Zuschauer am Sportplatz an der Dreizehnlindenhalle ein. Auch hier sahen die Zuschauer ein ausgeglichenes Spiel, welches am Ende der SV Ottbergen-Bruchhausen in einer dramatischen Verl\u00e4ngerung mit 4 zu 3 f\u00fcr sich entschied. F\u00fcr den RWA waren an diesen Tagen mehr als 40 ehrenamtliche Helferinnen und Helfer im Einsatz, denn zahlreiche Aufgaben galt es zu verteilen.<\/p>\n<p><img loading=\"lazy\" class=\" wp-image-415 alignright\" src=\"http:\/\/sv-rw-alhausen.de\/wp-content\/uploads\/2023\/05\/Logo_SV_AP-266x300.jpg\" alt=\"\" width=\"134\" height=\"151\" srcset=\"https:\/\/sv-rw-alhausen.de\/wp-content\/uploads\/2023\/05\/Logo_SV_AP-266x300.jpg 266w, https:\/\/sv-rw-alhausen.de\/wp-content\/uploads\/2023\/05\/Logo_SV_AP-907x1024.jpg 907w, https:\/\/sv-rw-alhausen.de\/wp-content\/uploads\/2023\/05\/Logo_SV_AP-768x867.jpg 768w, https:\/\/sv-rw-alhausen.de\/wp-content\/uploads\/2023\/05\/Logo_SV_AP-1360x1536.jpg 1360w, https:\/\/sv-rw-alhausen.de\/wp-content\/uploads\/2023\/05\/Logo_SV_AP-1x1.jpg 1w, https:\/\/sv-rw-alhausen.de\/wp-content\/uploads\/2023\/05\/Logo_SV_AP.jpg 1417w\" sizes=\"(max-width: 134px) 100vw, 134px\" \/>Am Ende der Saison 2021\/2022 wurde uns\u00a0 vom SV Blau-Wei\u00df Reelsen sehr \u00fcberraschend mitgeteilt, dass Sie in der kommenden Saison wieder als eigenst\u00e4ndige Fu\u00dfballmannschaft am Meisterschaftsbetrieb teilnehmen wollen. Somit nimmt der SV RW Alhausen ab der Saison 2022\/2023 wieder mit seinem langj\u00e4hrigen Partner TuS P\u00f6mbsen als SV Alhausen-P\u00f6mbsen am Spielbetrieb teil.<\/p>\n\n\n<p><\/p>\n","protected":false},"excerpt":{"rendered":"<p>Bereits 1946 werden die ersten Wurzeln des Vereins in Chroniken aufgezeichnet. Die Erfolgszeit des Rot\/Wei\u00df Alhausen beginnt allerdings in den Siebzigern Jahren. 1971 wird der Spielbetrieb in der 3. Kreisklasse aufgenommen. 1975 wird die Mannschaft Meister in dieser Klasse und steigt in die 2. Kreisklasse auf. 1986 folgt der Aufstieg in die Kreisliga B. Im [&hellip;]<\/p>\n","protected":false},"author":1,"featured_media":0,"parent":14,"menu_order":0,"comment_status":"closed","ping_status":"closed","template":"","meta":[],"_links":{"self":[{"href":"https:\/\/sv-rw-alhausen.de\/index.php?rest_route=\/wp\/v2\/pages\/18"}],"collection":[{"href":"https:\/\/sv-rw-alhausen.de\/index.php?rest_route=\/wp\/v2\/pages"}],"about":[{"href":"https:\/\/sv-rw-alhausen.de\/index.php?rest_route=\/wp\/v2\/types\/page"}],"author":[{"embeddable":true,"href":"https:\/\/sv-rw-alhausen.de\/index.php?rest_route=\/wp\/v2\/users\/1"}],"replies":[{"embeddable":true,"href":"https:\/\/sv-rw-alhausen.de\/index.php?rest_route=%2Fwp%2Fv2%2Fcomments&post=18"}],"version-history":[{"count":16,"href":"https:\/\/sv-rw-alhausen.de\/index.php?rest_route=\/wp\/v2\/pages\/18\/revisions"}],"predecessor-version":[{"id":416,"href":"https:\/\/sv-rw-alhausen.de\/index.php?rest_route=\/wp\/v2\/pages\/18\/revisions\/416"}],"up":[{"embeddable":true,"href":"https:\/\/sv-rw-alhausen.de\/index.php?rest_route=\/wp\/v2\/pages\/14"}],"wp:attachment":[{"href":"https:\/\/sv-rw-alhausen.de\/index.php?rest_route=%2Fwp%2Fv2%2Fmedia&parent=18"}],"curies":[{"name":"wp","href":"https:\/\/api.w.org\/{rel}","templated":true}]}}