{"id":17,"date":"2017-04-24T18:17:17","date_gmt":"2017-04-24T18:17:17","guid":{"rendered":"http:\/\/sv-rw-alhausen.de\/?page_id=17"},"modified":"2019-03-21T12:41:47","modified_gmt":"2019-03-21T12:41:47","slug":"mitgliedschaft","status":"publish","type":"page","link":"https:\/\/sv-rw-alhausen.de\/?page_id=17","title":{"rendered":"Mitgliedschaft"},"content":{"rendered":"<p>RWA-Mitglied werden kannst Du problemlos, einfach das\u00a0<a href=\"http:\/\/sv-rw-alhausen.de\/wp-content\/uploads\/2018\/11\/Beitritt-SEPA-ab-2018.pdf\">Anmeldeformular<\/a>\u00a0herunterladen, ausdrucken, ausf\u00fcllen und zur\u00fcck an ein Vorstandsmitglied.<\/p>\n<p>Zus\u00e4tzlich k\u00f6nnen sie noch die <a href=\"http:\/\/sv-rw-alhausen.de\/wp-content\/uploads\/2017\/04\/Beitragsordnung-2010.pdf\">Beitragsordnung<\/a> und <a href=\"http:\/\/sv-rw-alhausen.de\/wp-content\/uploads\/2019\/03\/RWA-Satzung-2019.pdf\">Satzung<\/a> herunterladen.<\/p>\n","protected":false},"excerpt":{"rendered":"<p>RWA-Mitglied werden kannst Du problemlos, einfach das\u00a0Anmeldeformular\u00a0herunterladen, ausdrucken, ausf\u00fcllen und zur\u00fcck an ein Vorstandsmitglied. Zus\u00e4tzlich k\u00f6nnen sie noch die Beitragsordnung und Satzung herunterladen.<\/p>\n","protected":false},"author":1,"featured_media":0,"parent":14,"menu_order":0,"comment_status":"closed","ping_status":"closed","template":"","meta":[],"_links":{"self":[{"href":"https:\/\/sv-rw-alhausen.de\/index.php?rest_route=\/wp\/v2\/pages\/17"}],"collection":[{"href":"https:\/\/sv-rw-alhausen.de\/index.php?rest_route=\/wp\/v2\/pages"}],"about":[{"href":"https:\/\/sv-rw-alhausen.de\/index.php?rest_route=\/wp\/v2\/types\/page"}],"author":[{"embeddable":true,"href":"https:\/\/sv-rw-alhausen.de\/index.php?rest_route=\/wp\/v2\/users\/1"}],"replies":[{"embeddable":true,"href":"https:\/\/sv-rw-alhausen.de\/index.php?rest_route=%2Fwp%2Fv2%2Fcomments&post=17"}],"version-history":[{"count":5,"href":"https:\/\/sv-rw-alhausen.de\/index.php?rest_route=\/wp\/v2\/pages\/17\/revisions"}],"predecessor-version":[{"id":358,"href":"https:\/\/sv-rw-alhausen.de\/index.php?rest_route=\/wp\/v2\/pages\/17\/revisions\/358"}],"up":[{"embeddable":true,"href":"https:\/\/sv-rw-alhausen.de\/index.php?rest_route=\/wp\/v2\/pages\/14"}],"wp:attachment":[{"href":"https:\/\/sv-rw-alhausen.de\/index.php?rest_route=%2Fwp%2Fv2%2Fmedia&parent=17"}],"curies":[{"name":"wp","href":"https:\/\/api.w.org\/{rel}","templated":true}]}}