{"id":165,"date":"2017-04-30T10:08:32","date_gmt":"2017-04-30T10:08:32","guid":{"rendered":"http:\/\/sv-rw-alhausen.de\/?page_id=165"},"modified":"2018-09-13T07:50:52","modified_gmt":"2018-09-13T07:50:52","slug":"altherren","status":"publish","type":"page","link":"https:\/\/sv-rw-alhausen.de\/?page_id=165","title":{"rendered":"Altherren"},"content":{"rendered":"<p>&nbsp;<\/p>\n<h3 style=\"text-align: center;\">Ansprechpartner \u00dc40 &amp; \u00dc50:<\/h3>\n<h4 style=\"text-align: center;\">Manuel Salguero<\/h4>\n<h4 style=\"text-align: center;\"><a href=\"info@sv-rw-alhausen.de\">E-Mail<\/a><\/h4>\n<p>&nbsp;<\/p>\n<h3 style=\"text-align: center;\">Ansprechpartner \u00dc32:<\/h3>\n<h4 style=\"text-align: center;\">J\u00fcrgen Streitb\u00fcrger<\/h4>\n<h4 style=\"text-align: center;\"><a href=\"info@sv-rw-alhausen.de\">E-Mail<\/a><\/h4>\n<h6 style=\"text-align: center;\"><\/h6>\n<h6 style=\"text-align: center;\"><strong>Die Altherren werden als Spielgemeinschaft mit dem TuS Bad Driburg gef\u00fchrt.<\/strong><\/h6>\n","protected":false},"excerpt":{"rendered":"<p>&nbsp; Ansprechpartner \u00dc40 &amp; \u00dc50: Manuel Salguero E-Mail &nbsp; Ansprechpartner \u00dc32: J\u00fcrgen Streitb\u00fcrger E-Mail Die Altherren werden als Spielgemeinschaft mit dem TuS Bad Driburg gef\u00fchrt.<\/p>\n","protected":false},"author":1,"featured_media":0,"parent":69,"menu_order":0,"comment_status":"closed","ping_status":"closed","template":"","meta":[],"_links":{"self":[{"href":"https:\/\/sv-rw-alhausen.de\/index.php?rest_route=\/wp\/v2\/pages\/165"}],"collection":[{"href":"https:\/\/sv-rw-alhausen.de\/index.php?rest_route=\/wp\/v2\/pages"}],"about":[{"href":"https:\/\/sv-rw-alhausen.de\/index.php?rest_route=\/wp\/v2\/types\/page"}],"author":[{"embeddable":true,"href":"https:\/\/sv-rw-alhausen.de\/index.php?rest_route=\/wp\/v2\/users\/1"}],"replies":[{"embeddable":true,"href":"https:\/\/sv-rw-alhausen.de\/index.php?rest_route=%2Fwp%2Fv2%2Fcomments&post=165"}],"version-history":[{"count":3,"href":"https:\/\/sv-rw-alhausen.de\/index.php?rest_route=\/wp\/v2\/pages\/165\/revisions"}],"predecessor-version":[{"id":337,"href":"https:\/\/sv-rw-alhausen.de\/index.php?rest_route=\/wp\/v2\/pages\/165\/revisions\/337"}],"up":[{"embeddable":true,"href":"https:\/\/sv-rw-alhausen.de\/index.php?rest_route=\/wp\/v2\/pages\/69"}],"wp:attachment":[{"href":"https:\/\/sv-rw-alhausen.de\/index.php?rest_route=%2Fwp%2Fv2%2Fmedia&parent=165"}],"curies":[{"name":"wp","href":"https:\/\/api.w.org\/{rel}","templated":true}]}}