{"id":15,"date":"2017-04-24T18:17:17","date_gmt":"2017-04-24T18:17:17","guid":{"rendered":"http:\/\/sv-rw-alhausen.de\/?page_id=15"},"modified":"2023-05-10T10:41:03","modified_gmt":"2023-05-10T10:41:03","slug":"vorstand","status":"publish","type":"page","link":"https:\/\/sv-rw-alhausen.de\/?page_id=15","title":{"rendered":"Vorstand"},"content":{"rendered":"<table>\n<tbody>\n<tr>\n<td colspan=\"3\" width=\"570\"><a name=\"_Toc478114946\"><\/a><strong><u>Gesch\u00e4ftsf\u00fchrender Vorstand<\/u><\/strong><\/td>\n<\/tr>\n<tr>\n<td width=\"215\"><a name=\"_Toc478114947\"><\/a><strong>1. Vorsitzender<\/strong><\/td>\n<td width=\"177\"><a name=\"_Toc478114948\"><\/a><strong>Marc K\u00f6rner<\/strong><\/td>\n<td width=\"177\"><a href=\"mailto:info@sv-rw-alhausen.de\"> <strong> E-Mail<\/strong><\/a><a name=\"_Toc478114949\"><\/a><\/td>\n<\/tr>\n<tr>\n<td width=\"215\"><a name=\"_Toc478114950\"><\/a><strong>2. Vorsitzender<\/strong><\/td>\n<td width=\"177\"><a name=\"_Toc478114951\"><\/a><strong>Timo Brockhagen<\/strong><\/td>\n<td width=\"177\"><a href=\"mailto:info@sv-rw-alhausen.de\"> <strong> E-Mail<\/strong><\/a><a name=\"_Toc478114952\"><\/a><\/td>\n<\/tr>\n<tr>\n<td width=\"215\"><a name=\"_Toc478114953\"><\/a><strong>Kassierer<\/strong><\/td>\n<td width=\"177\"><a name=\"_Toc478114954\"><\/a><strong>Stefan Kleine<\/strong><\/td>\n<td width=\"177\"><a href=\"mailto:info@sv-rw-alhausen.de\"> <strong> E-Mail<\/strong><\/a><a name=\"_Toc478114955\"><\/a><\/td>\n<\/tr>\n<tr>\n<td width=\"215\"><a name=\"_Toc478114956\"><\/a><strong>Gesch\u00e4ftsf\u00fchrer<\/strong><\/td>\n<td width=\"177\"><a name=\"_Toc478114957\"><\/a><strong>Benjamin Nolte<\/strong><\/td>\n<td width=\"177\"><a href=\"mailto:info@sv-rw-alhausen.de\"> <strong> E-Mail<\/strong><\/a><a name=\"_Toc478114958\"><\/a><\/td>\n<\/tr>\n<tr>\n<td width=\"215\"><a name=\"_Toc478114959\"><\/a><strong>Beisitzer des GV<\/strong><\/td>\n<td width=\"177\"><a name=\"_Toc478114960\"><\/a><strong>Melanie Kr\u00f6ger<\/strong><\/td>\n<td width=\"177\"><a href=\"mailto:info@sv-rw-alhausen.de?subject=Beisitzer%20des%20GV\"> <strong> E-Mail<\/strong><\/a><a name=\"_Toc478114961\"><\/a><\/td>\n<\/tr>\n<tr>\n<td width=\"215\"><strong>\u00a0<\/strong><\/td>\n<td width=\"177\"><strong>\u00a0<\/strong><\/td>\n<td width=\"177\"><\/td>\n<\/tr>\n<tr>\n<td colspan=\"3\" width=\"570\"><a name=\"_Toc478114962\"><\/a><strong><u>Erweiterter Vorstand<\/u><\/strong><\/td>\n<\/tr>\n<tr>\n<td width=\"215\"><a name=\"_Toc478114963\"><\/a><strong>Fussballobmann<\/strong><\/td>\n<td width=\"177\"><a name=\"_Toc478114964\"><\/a><strong>Leon Reitemeyer<\/strong><\/td>\n<td width=\"177\"><a href=\"mailto:info@sv-rw-alhausen.de\"> <strong> E-Mail<\/strong><\/a><a name=\"_Toc478114965\"><\/a><\/td>\n<\/tr>\n<tr>\n<td width=\"215\"><a name=\"_Toc478114966\"><\/a><strong>Breitensportobmann<\/strong><\/td>\n<td width=\"177\"><a name=\"_Toc478114967\"><\/a><strong>Remigius Blicker<\/strong><\/td>\n<td width=\"177\"><a href=\"mailto:info@sv-rw-alhausen.de\"> <strong> E-Mail<\/strong><\/a><a name=\"_Toc478114968\"><\/a><\/td>\n<\/tr>\n<tr>\n<td width=\"215\"><a name=\"_Toc478114969\"><\/a><strong>Protokollf\u00fchrer<\/strong><\/td>\n<td width=\"177\"><a name=\"_Toc478114970\"><\/a><strong>Norbert Stieneke<\/strong><\/td>\n<td width=\"177\"><a href=\"mailto:info@sv-rw-alhausen.de?subject=Protokollf\u00fchrer\"> <strong> E-Mail<\/strong><\/a><a name=\"_Toc478114971\"><\/a><\/td>\n<\/tr>\n<tr>\n<td width=\"215\"><a name=\"_Toc478114972\"><\/a><strong>Jugendobmann<\/strong><\/td>\n<td width=\"177\"><a name=\"_Toc478114973\"><\/a><strong>Lars Markus<\/strong><\/td>\n<td width=\"177\"><a href=\"mailto:info@sv-rw-alhausen.de?subject=1.%20Platzkassierer\"> <strong> E-Mail<\/strong><\/a><a name=\"_Toc478114974\"><\/a><\/td>\n<\/tr>\n<tr>\n<td width=\"215\"><a name=\"_Toc478114975\"><\/a><strong>1. Platzkassierer<\/strong><\/td>\n<td width=\"177\"><a name=\"_Toc478114976\"><\/a><strong>Alfons Grabsch<br \/>\n<\/strong><\/td>\n<td width=\"177\"><a href=\"mailto:info@sv-rw-alhausen.de?subject=2.%20Platzkassierer\"> <strong> E-Mail<\/strong><\/a><a name=\"_Toc478114977\"><\/a><\/td>\n<\/tr>\n<tr>\n<td width=\"215\"><a name=\"_Toc478114972\"><\/a><strong>2.\u00a0Platzkassierer<\/strong><\/td>\n<td width=\"177\"><a name=\"_Toc478114979\"><\/a><strong>Udo Ostermann<\/strong><\/td>\n<td width=\"177\"><a href=\"mailto:info@sv-rw-alhausen.de?subject=Beisitzer\"> <strong> E-Mail<\/strong><\/a><a name=\"_Toc478114980\"><\/a><\/td>\n<\/tr>\n<tr>\n<td width=\"215\"><a name=\"_Toc478114981\"><\/a><strong>Beisitzer<\/strong><\/td>\n<td width=\"177\"><a name=\"_Toc478114982\"><\/a><strong>Robert Lessmann<\/strong><\/td>\n<td width=\"177\"><a href=\"mailto:info@sv-rw-alhausen.de?subject=Beisitzer\"> <strong> E-Mail<\/strong><\/a><a name=\"_Toc478114983\"><\/a><\/td>\n<\/tr>\n<tr>\n<td width=\"215\"><a name=\"_Toc478114984\"><\/a><strong>Beisitzer<\/strong><\/td>\n<td width=\"177\"><a name=\"_Toc478114985\"><\/a><strong>Maximilian Klaus<br \/>\n<\/strong><\/td>\n<td width=\"177\"><a href=\"mailto:info@sv-rw-alhausen.de?subject=Beisitzer\"> <strong> E-Mail<\/strong><\/a><a name=\"_Toc478114986\"><\/a><\/td>\n<\/tr>\n<tr>\n<td width=\"215\"><a name=\"_Toc478114978\"><\/a><strong>Beisitzer<\/strong><\/td>\n<td width=\"177\"><strong>Werner M\u00fcller<\/strong><\/td>\n<td width=\"177\"><a href=\"mailto:info@sv-rw-alhausen.de?subject=Beisitzer\"><strong>E-Mail<\/strong><\/a><a name=\"_Toc478114986\"><\/a><\/td>\n<\/tr>\n<tr>\n<td width=\"215\"><strong>\u00a0<\/strong><\/td>\n<td width=\"177\"><strong>\u00a0<\/strong><\/td>\n<td width=\"177\"><\/td>\n<\/tr>\n<\/tbody>\n<\/table>\n","protected":false},"excerpt":{"rendered":"<p>Gesch\u00e4ftsf\u00fchrender Vorstand 1. Vorsitzender Marc K\u00f6rner E-Mail 2. Vorsitzender Timo Brockhagen E-Mail Kassierer Stefan Kleine E-Mail Gesch\u00e4ftsf\u00fchrer Benjamin Nolte E-Mail Beisitzer des GV Melanie Kr\u00f6ger E-Mail \u00a0 \u00a0 Erweiterter Vorstand Fussballobmann Leon Reitemeyer E-Mail Breitensportobmann Remigius Blicker E-Mail Protokollf\u00fchrer Norbert Stieneke E-Mail Jugendobmann Lars Markus E-Mail 1. Platzkassierer Alfons Grabsch E-Mail 2.\u00a0Platzkassierer Udo Ostermann E-Mail [&hellip;]<\/p>\n","protected":false},"author":1,"featured_media":0,"parent":14,"menu_order":0,"comment_status":"closed","ping_status":"closed","template":"","meta":[],"_links":{"self":[{"href":"https:\/\/sv-rw-alhausen.de\/index.php?rest_route=\/wp\/v2\/pages\/15"}],"collection":[{"href":"https:\/\/sv-rw-alhausen.de\/index.php?rest_route=\/wp\/v2\/pages"}],"about":[{"href":"https:\/\/sv-rw-alhausen.de\/index.php?rest_route=\/wp\/v2\/types\/page"}],"author":[{"embeddable":true,"href":"https:\/\/sv-rw-alhausen.de\/index.php?rest_route=\/wp\/v2\/users\/1"}],"replies":[{"embeddable":true,"href":"https:\/\/sv-rw-alhausen.de\/index.php?rest_route=%2Fwp%2Fv2%2Fcomments&post=15"}],"version-history":[{"count":9,"href":"https:\/\/sv-rw-alhausen.de\/index.php?rest_route=\/wp\/v2\/pages\/15\/revisions"}],"predecessor-version":[{"id":418,"href":"https:\/\/sv-rw-alhausen.de\/index.php?rest_route=\/wp\/v2\/pages\/15\/revisions\/418"}],"up":[{"embeddable":true,"href":"https:\/\/sv-rw-alhausen.de\/index.php?rest_route=\/wp\/v2\/pages\/14"}],"wp:attachment":[{"href":"https:\/\/sv-rw-alhausen.de\/index.php?rest_route=%2Fwp%2Fv2%2Fmedia&parent=15"}],"curies":[{"name":"wp","href":"https:\/\/api.w.org\/{rel}","templated":true}]}}