{"id":14,"date":"2017-04-24T18:17:17","date_gmt":"2017-04-24T18:17:17","guid":{"rendered":"http:\/\/sv-rw-alhausen.de\/?page_id=14"},"modified":"2017-12-14T10:39:18","modified_gmt":"2017-12-14T10:39:18","slug":"verein","status":"publish","type":"page","link":"https:\/\/sv-rw-alhausen.de\/?page_id=14","title":{"rendered":"Verein"},"content":{"rendered":"<p style=\"text-align: left;\"><strong><img loading=\"lazy\" class=\"wp-image-123 size-full alignleft\" src=\"http:\/\/sv-rw-alhausen.de\/wp-content\/uploads\/2017\/04\/logo.png\" alt=\"\" width=\"253\" height=\"295\" \/>Vereinsfarben: \u00a0 \u00a0 \u00a0 \u00a0 \u00a0 \u00a0 \u00a0 \u00a0 \u00a0 \u00a0 \u00a0<\/strong><\/p>\n<p style=\"text-align: left;\">Rot\/Wei\u00df<\/p>\n<p style=\"text-align: left;\"><strong>Gr\u00fcndungsjahr:<br \/>\n<\/strong><\/p>\n<p style=\"text-align: left;\">1946<\/p>\n<p style=\"text-align: left;\"><strong>Anschrift:<\/strong><\/p>\n<p style=\"text-align: left;\">SV Rot-Wei\u00df Alhausen e.V.<\/p>\n<p style=\"text-align: left;\">Weberring 7<\/p>\n<p style=\"text-align: left;\">\u00a0\u00a0\u00a0\u00a0\u00a0\u00a0\u00a0\u00a0\u00a0\u00a0\u00a0\u00a0\u00a0\u00a0\u00a0\u00a0\u00a0\u00a0\u00a0\u00a0\u00a0\u00a0\u00a0\u00a0\u00a0\u00a0\u00a0\u00a0\u00a0\u00a0\u00a0\u00a0\u00a0\u00a0\u00a0\u00a0\u00a0\u00a0\u00a0\u00a0\u00a0\u00a0\u00a0\u00a0\u00a0\u00a0\u00a0\u00a0\u00a0\u00a0\u00a0\u00a0\u00a0\u00a0\u00a0\u00a0\u00a0\u00a0\u00a0\u00a0\u00a0\u00a0\u00a0\u00a0\u00a0\u00a0\u00a0\u00a0 33014 Bad Driburg<\/p>\n","protected":false},"excerpt":{"rendered":"<p>Vereinsfarben: \u00a0 \u00a0 \u00a0 \u00a0 \u00a0 \u00a0 \u00a0 \u00a0 \u00a0 \u00a0 \u00a0 Rot\/Wei\u00df Gr\u00fcndungsjahr: 1946 Anschrift: SV Rot-Wei\u00df Alhausen e.V. Weberring 7 \u00a0\u00a0\u00a0\u00a0\u00a0\u00a0\u00a0\u00a0\u00a0\u00a0\u00a0\u00a0\u00a0\u00a0\u00a0\u00a0\u00a0\u00a0\u00a0\u00a0\u00a0\u00a0\u00a0\u00a0\u00a0\u00a0\u00a0\u00a0\u00a0\u00a0\u00a0\u00a0\u00a0\u00a0\u00a0\u00a0\u00a0\u00a0\u00a0\u00a0\u00a0\u00a0\u00a0\u00a0\u00a0\u00a0\u00a0\u00a0\u00a0\u00a0\u00a0\u00a0\u00a0\u00a0\u00a0\u00a0\u00a0\u00a0\u00a0\u00a0\u00a0\u00a0\u00a0\u00a0\u00a0\u00a0\u00a0\u00a0 33014 Bad Driburg<\/p>\n","protected":false},"author":1,"featured_media":0,"parent":0,"menu_order":0,"comment_status":"closed","ping_status":"closed","template":"","meta":[],"_links":{"self":[{"href":"https:\/\/sv-rw-alhausen.de\/index.php?rest_route=\/wp\/v2\/pages\/14"}],"collection":[{"href":"https:\/\/sv-rw-alhausen.de\/index.php?rest_route=\/wp\/v2\/pages"}],"about":[{"href":"https:\/\/sv-rw-alhausen.de\/index.php?rest_route=\/wp\/v2\/types\/page"}],"author":[{"embeddable":true,"href":"https:\/\/sv-rw-alhausen.de\/index.php?rest_route=\/wp\/v2\/users\/1"}],"replies":[{"embeddable":true,"href":"https:\/\/sv-rw-alhausen.de\/index.php?rest_route=%2Fwp%2Fv2%2Fcomments&post=14"}],"version-history":[{"count":9,"href":"https:\/\/sv-rw-alhausen.de\/index.php?rest_route=\/wp\/v2\/pages\/14\/revisions"}],"predecessor-version":[{"id":261,"href":"https:\/\/sv-rw-alhausen.de\/index.php?rest_route=\/wp\/v2\/pages\/14\/revisions\/261"}],"wp:attachment":[{"href":"https:\/\/sv-rw-alhausen.de\/index.php?rest_route=%2Fwp%2Fv2%2Fmedia&parent=14"}],"curies":[{"name":"wp","href":"https:\/\/api.w.org\/{rel}","templated":true}]}}